{"id":25079,"date":"2020-10-15T17:44:59","date_gmt":"2020-10-15T20:44:59","guid":{"rendered":"https:\/\/superclassico.com.br\/site\/?page_id=25079"},"modified":"2020-12-07T12:31:17","modified_gmt":"2020-12-07T15:31:17","slug":"a-empresa","status":"publish","type":"page","link":"https:\/\/superclassico.com.br\/site\/a-empresa\/","title":{"rendered":"A Empresa"},"content":{"rendered":"<section class=\"l-section wpb_row height_auto width_full color_primary parallax_ver\"><div class=\"l-section-h i-cf\"><div class=\"g-cols vc_row via_flex valign_middle type_default stacking_default\"><div class=\"vc_col-sm-12 wpb_column vc_column_container\"><div class=\"vc_column-inner\"><div class=\"wpb_wrapper\">\n\t\t\t\t<p class=\"rs-p-wp-fix\"><\/p>\n\t\t\t\t<sr7-module data-alias=\"content-zoom1\" data-id=\"39\" id=\"SR7_39_1\" class=\"rs-ov-hidden\" data-version=\"6.7.41\">\n\t\t\t\t\t<sr7-adjuster><\/sr7-adjuster>\n\t\t\t\t\t<sr7-content>\n\t\t\t\t\t\t<sr7-slide id=\"SR7_39_1-14\" data-key=\"14\">\n\t\t\t\t\t\t\t<sr7-txt id=\"SR7_39_1-14-7\" class=\"sr7-layer\">Extra\u00e7\u00e3o de Blocos<\/sr7-txt>\n\t\t\t\t\t\t\t<sr7-txt id=\"SR7_39_1-14-9\" class=\"sr7-layer\">Clique no \u00cdcone  de Zoom para mais informa\u00e7\u00f5es<\/sr7-txt>\n\t\t\t\t\t\t\t<sr7-txt id=\"SR7_39_1-14-10\" class=\"sr7-layer\"><i class=\"fa-search\"><\/i><\/sr7-txt>\n\t\t\t\t\t\t\t<sr7-txt id=\"SR7_39_1-14-12\" class=\"sr7-layer\"><i class=\"fa-angle-right\"><\/i><\/sr7-txt>\n\t\t\t\t\t\t\t<sr7-txt id=\"SR7_39_1-14-13\" class=\"sr7-layer\"><i class=\"fa-angle-left\"><\/i><\/sr7-txt>\n\t\t\t\t\t\t\t<sr7-txt id=\"SR7_39_1-14-16\" class=\"sr7-layer\">Extra\u00e7\u00e3o de Blocos<\/sr7-txt>\n\t\t\t\t\t\t\t<sr7-txt id=\"SR7_39_1-14-17\" class=\"sr7-layer\">Blocos de Rochas Ornamentais Ex\u00f3ticas<\/sr7-txt>\n\t\t\t\t\t\t\t<sr7-txt id=\"SR7_39_1-14-19\" class=\"sr7-layer\">Extra\u00edmos somente blocos de materiais ex\u00f3ticos e exclusivos comercializados internacionalmente. Sempre atentos \u00e0s novidades em equipamentos, insumos e novas t\u00e9cnicas de opera\u00e7\u00e3o, temos investido em maquin\u00e1rio e pessoal qualificado para continuarmos sendo refer\u00eancia no setor.<\/sr7-txt>\n\t\t\t\t\t\t\t<a id=\"SR7_39_1-14-26\" class=\"sr7-layer\" href=\"https:\/\/superclassico.com.br\/site\/pedreiras\/\" target=\"_self\">VISITAR PEDREIRAS<\/a>\n\t\t\t\t\t\t\t<sr7-txt id=\"SR7_39_1-14-27\" class=\"sr7-layer\"><i class=\"fa-remove\"><\/i><\/sr7-txt>\n\t\t\t\t\t\t<\/sr7-slide>\n\t\t\t\t\t\t<sr7-slide id=\"SR7_39_1-15\" data-key=\"15\">\n\t\t\t\t\t\t\t<sr7-txt id=\"SR7_39_1-15-7\" class=\"sr7-layer\">Processamento de Chapas<\/sr7-txt>\n\t\t\t\t\t\t\t<sr7-txt id=\"SR7_39_1-15-9\" class=\"sr7-layer\">Clique no \u00cdcone de Zoom para mais informa\u00e7\u00f5es<\/sr7-txt>\n\t\t\t\t\t\t\t<sr7-txt id=\"SR7_39_1-15-10\" class=\"sr7-layer\"><i class=\"fa-search\"><\/i><\/sr7-txt>\n\t\t\t\t\t\t\t<sr7-txt id=\"SR7_39_1-15-12\" class=\"sr7-layer\"><i class=\"fa-angle-right\"><\/i><\/sr7-txt>\n\t\t\t\t\t\t\t<sr7-txt id=\"SR7_39_1-15-13\" class=\"sr7-layer\"><i class=\"fa-angle-left\"><\/i><\/sr7-txt>\n\t\t\t\t\t\t\t<sr7-txt id=\"SR7_39_1-15-16\" class=\"sr7-layer\">Processamento de Chapas<\/sr7-txt>\n\t\t\t\t\t\t\t<sr7-txt id=\"SR7_39_1-15-17\" class=\"sr7-layer\">Materiais de Qualidade, totalmente naturais!<\/sr7-txt>\n\t\t\t\t\t\t\t<sr7-txt id=\"SR7_39_1-15-19\" class=\"sr7-layer\">A SuperCl\u00e1ssico conta com parceiros que utilizam equipamentos de qualidade e \u00faltima gera\u00e7\u00e3o para o melhor tratamento e beneficiamento de suas Chapas e produtos, respeitando todos os processos de industrializa\u00e7\u00e3o.<\/sr7-txt>\n\t\t\t\t\t\t\t<a id=\"SR7_39_1-15-26\" class=\"sr7-layer\" href=\"https:\/\/superclassico.com.br\/site\/materiais\/\" target=\"_self\">VISITAR MATERIAIS<\/a>\n\t\t\t\t\t\t\t<sr7-txt id=\"SR7_39_1-15-27\" class=\"sr7-layer\"><i class=\"fa-remove\"><\/i><\/sr7-txt>\n\t\t\t\t\t\t<\/sr7-slide>\n\t\t\t\t\t\t<sr7-slide id=\"SR7_39_1-13\" data-key=\"13\">\n\t\t\t\t\t\t\t<sr7-txt id=\"SR7_39_1-13-7\" class=\"sr7-layer\">Projetos Conclu\u00eddos<\/sr7-txt>\n\t\t\t\t\t\t\t<sr7-txt id=\"SR7_39_1-13-9\" class=\"sr7-layer\">Clique no \u00cdcone de Zoom para mais informa\u00e7\u00f5es<\/sr7-txt>\n\t\t\t\t\t\t\t<sr7-txt id=\"SR7_39_1-13-10\" class=\"sr7-layer\"><i class=\"fa-search\"><\/i><\/sr7-txt>\n\t\t\t\t\t\t\t<sr7-txt id=\"SR7_39_1-13-12\" class=\"sr7-layer\"><i class=\"fa-angle-right\"><\/i><\/sr7-txt>\n\t\t\t\t\t\t\t<sr7-txt id=\"SR7_39_1-13-13\" class=\"sr7-layer\"><i class=\"fa-angle-left\"><\/i><\/sr7-txt>\n\t\t\t\t\t\t\t<sr7-txt id=\"SR7_39_1-13-16\" class=\"sr7-layer\">Projetos Conclu\u00eddos<\/sr7-txt>\n\t\t\t\t\t\t\t<sr7-txt id=\"SR7_39_1-13-17\" class=\"sr7-layer\">Projetos Ex\u00f3ticos merecem Rochas Ex\u00f3ticas!<\/sr7-txt>\n\t\t\t\t\t\t\t<sr7-txt id=\"SR7_39_1-13-19\" class=\"sr7-layer\">Os Materiais da SuperCl\u00e1ssico s\u00e3o conhecidos Internacionamente, sendo aplicados em Diversos projetos como revestimentos de Fachadas, aplica\u00e7\u00e3o em bancadas, pisos, banheiros, cozinhas, sala, pain\u00e9is e outros tantos projetos criados por arquitetos e designers em diferentes continentes.<\/sr7-txt>\n\t\t\t\t\t\t\t<a id=\"SR7_39_1-13-26\" class=\"sr7-layer\" href=\"https:\/\/superclassico.com.br\/site\/projetos\/\" target=\"_self\">VISITAR PROJETOS<\/a>\n\t\t\t\t\t\t\t<sr7-txt id=\"SR7_39_1-13-27\" class=\"sr7-layer\"><i class=\"fa-remove\"><\/i><\/sr7-txt>\n\t\t\t\t\t\t<\/sr7-slide>\n\t\t\t\t\t\t<sr7-slide id=\"SR7_39_1-253\" data-key=\"253\">\n\t\t\t\t\t\t\t<sr7-txt id=\"SR7_39_1-253-1\" class=\"sr7-layer\"><div id=\"rev-burger\">\n  <span><\/span>\n  <span><\/span>\n  <span><\/span>\n<\/div><\/sr7-txt>\n\t\t\t\t\t\t<\/sr7-slide>\n\t\t\t\t\t<\/sr7-content>\n\t\t\t\t\t<image_lists style=\"display:none\">\n\t\t\t\t\t\t<img data-src=\"\/\/superclassico.com.br\/site\/wp-content\/uploads\/2019\/09\/Bancada_tipo_origami-min-1.png\" data-libid=\"26888\" alt=\"Bancada_tipo_origami-min\" title=\"Bancada_tipo_origami-min\" width=\"0\" height=\"0\" data-dbsrc=\"Ly9zdXBlcmNsYXNzaWNvLmNvbS5ici9zaXRlL3dwLWNvbnRlbnQvdXBsb2Fkcy8yMDE5LzA5L0JhbmNhZGFfdGlwb19vcmlnYW1pLW1pbi0xLnBuZw==\"\/>\n\t\t\t\t\t\t<img data-src=\"\/\/superclassico.com.br\/site\/wp-content\/uploads\/2019\/09\/projetos_capa.jpg\" data-libid=\"27217\" alt=\"projetos capa\" title=\"projetos capa\" width=\"0\" height=\"0\" data-dbsrc=\"Ly9zdXBlcmNsYXNzaWNvLmNvbS5ici9zaXRlL3dwLWNvbnRlbnQvdXBsb2Fkcy8yMDE5LzA5L3Byb2pldG9zX2NhcGEuanBn\"\/>\n\t\t\t\t\t\t<img data-src=\"\/\/superclassico.com.br\/site\/wp-content\/uploads\/2019\/09\/bloco_matrix-min.png\" data-libid=\"26884\" alt=\"bloco matrix slide\" title=\"bloco matrix slide\" width=\"0\" height=\"0\" data-dbsrc=\"Ly9zdXBlcmNsYXNzaWNvLmNvbS5ici9zaXRlL3dwLWNvbnRlbnQvdXBsb2Fkcy8yMDE5LzA5L2Jsb2NvX21hdHJpeC1taW4ucG5n\"\/>\n\t\t\t\t\t\t<img data-src=\"\/\/superclassico.com.br\/site\/wp-content\/uploads\/2019\/09\/Chapa-Matrix_01-min-1.png\" data-libid=\"26890\" title=\"Chapa Matrix_01-min\" width=\"0\" height=\"0\" data-dbsrc=\"Ly9zdXBlcmNsYXNzaWNvLmNvbS5ici9zaXRlL3dwLWNvbnRlbnQvdXBsb2Fkcy8yMDE5LzA5L0NoYXBhLU1hdHJpeF8wMS1taW4tMS5wbmc=\"\/>\n\t\t\t\t\t<\/image_lists>\n\t\t\t\t<\/sr7-module>\n\t\t\t\t<script>\n\t\t\t\t\tSR7.PMH ??={}; SR7.PMH[\"SR7_39_1\"] = {cn:100,state:false,fn: function() { if (_tpt!==undefined && _tpt.prepareModuleHeight !== undefined) {  _tpt.prepareModuleHeight({id:\"SR7_39_1\",el:[768,768,768,960,720],type:'standard',shdw:'0',gh:[768,768,768,960,720],gw:[1400,1400,1240,778,480],vpt:['-200px&#039;,&#039;-200px&#039;,&#039;-200px&#039;,&#039;-200px&#039;,&#039;-200px'],size:{fullWidth:true, fullHeight:false},mh:'0',onh:0,onw:0,bg:{color:'{\"type\":\"solid\",\"orig\":\"#eef0f1\",\"string\":\"rgba(238, 240, 241, 1)\"}'},plType:'-1',plColor:'#FFFFFF'});   SR7.PMH[\"SR7_39_1\"].state=true;} else if(SR7.PMH[\"SR7_39_1\"].cn-->0)\tsetTimeout( SR7.PMH[\"SR7_39_1\"].fn,19);}};SR7.PMH[\"SR7_39_1\" ].fn();\n\t\t\t\t<\/script>\n<\/div><\/div><\/div><\/div><\/div><\/section><section class=\"l-section wpb_row us_custom_d392eac1 height_auto\"><div class=\"l-section-h i-cf\"><div class=\"g-cols vc_row via_flex valign_middle type_default stacking_default\"><div class=\"vc_col-sm-12 wpb_column vc_column_container\"><div class=\"vc_column-inner\"><div class=\"wpb_wrapper\"><div class=\"w-tabs layout_hor style_trendy switch_click has_scrolling\" style=\"--sections-title-size:1em\"><div class=\"w-tabs-list items_3 align_justify\"><div class=\"w-tabs-list-h\"><button class=\"w-tabs-item active\" aria-controls=\"content-kf0f\" aria-expanded=\"false\"><span class=\"w-tabs-item-title\">MISS\u00c3O<\/span><\/button><button class=\"w-tabs-item\" aria-controls=\"content-f268\" aria-expanded=\"false\"><span class=\"w-tabs-item-title\">VIS\u00c3O<\/span><\/button><button class=\"w-tabs-item\" aria-controls=\"content-z5e4\" aria-expanded=\"false\"><span class=\"w-tabs-item-title\">VALORES<\/span><\/button><\/div><\/div><div class=\"w-tabs-sections titles-align_none icon_chevron cpos_right\"><div class=\"w-tabs-section active\" id=\"kf0f\"><button class=\"w-tabs-section-header active\" aria-controls=\"content-kf0f\" aria-expanded=\"true\"><div class=\"w-tabs-section-title\">MISS\u00c3O<\/div><div class=\"w-tabs-section-control\"><\/div><\/button><div  class=\"w-tabs-section-content\" id=\"content-kf0f\"><div class=\"w-tabs-section-content-h i-cf\"><div class=\"wpb_text_column\"><div class=\"wpb_wrapper\"><p style=\"text-align: center;\"><strong>Nossa miss\u00e3o \u00e9 vender com excel\u00eancia todos nossos produtos e servi\u00e7os \u00e0queles envolvidos em nossas atividades e, atrav\u00e9s disso, transform\u00e1-los em nossos parceiros.<\/strong><\/p>\n<\/div><\/div><\/div><\/div><\/div><div class=\"w-tabs-section\" id=\"f268\"><button class=\"w-tabs-section-header\" aria-controls=\"content-f268\" aria-expanded=\"false\"><div class=\"w-tabs-section-title\">VIS\u00c3O<\/div><div class=\"w-tabs-section-control\"><\/div><\/button><div  class=\"w-tabs-section-content\" id=\"content-f268\"><div class=\"w-tabs-section-content-h i-cf\"><div class=\"wpb_text_column\"><div class=\"wpb_wrapper\"><p style=\"text-align: center;\"><strong>Nossa vis\u00e3o \u00e9 corresponder a todas expectativas de nossos clientes, colaboradores e fornecedores, sendo a nossa empresa o meio pelo qual todos atinjam seus objetivos pessoais e profissionais.<\/strong><\/p>\n<\/div><\/div><\/div><\/div><\/div><div class=\"w-tabs-section\" id=\"z5e4\"><button class=\"w-tabs-section-header\" aria-controls=\"content-z5e4\" aria-expanded=\"false\"><div class=\"w-tabs-section-title\">VALORES<\/div><div class=\"w-tabs-section-control\"><\/div><\/button><div  class=\"w-tabs-section-content\" id=\"content-z5e4\"><div class=\"w-tabs-section-content-h i-cf\"><div class=\"wpb_text_column\"><div class=\"wpb_wrapper\"><p style=\"text-align: center;\"><strong>Nossa conduta deve refletir os mais altos padr\u00f5es de \u00e9tica;<\/strong><br \/>\n<strong>Nossa comunica\u00e7\u00e3o deve ser clara, precisa e atuante;<\/strong><br \/>\n<strong>Nosso gerenciamento deve ser em equipe e consistente;<\/strong><br \/>\n<strong>Nosso relacionamento com clientes e colaboradores deve ser transparente e baseado na responsabilidade social e seguran\u00e7a de trabalho com confian\u00e7a entre ambas as partes.<\/strong><\/p>\n<\/div><\/div><\/div><\/div><\/div><\/div><\/div><div class=\"w-separator size_medium\"><\/div><div class=\"w-separator size_medium with_line width_default thick_3 style_solid color_primary align_center\"><div class=\"w-separator-h\"><\/div><\/div><div class=\"g-cols wpb_row via_flex valign_top type_default stacking_default\"><div class=\"vc_col-sm-3 wpb_column vc_column_container\"><div class=\"vc_column-inner\"><div class=\"wpb_wrapper\"><div class=\"wpb_text_column\"><div class=\"wpb_wrapper\"><div class=\"uncoltable\">\n<div class=\"uncell boomapps_vccolumn no-block-padding\">\n<div class=\"uncont\">\n<div class=\"heading-text el-text\">\n<h4 class=\"font-762333 h5 font-weight-500 text-color-198400-color text-uppercase\">SOBRE A<\/h4>\n<\/div>\n<h3 class=\"clear\">Super Cl\u00e1ssico<\/h3>\n<\/div>\n<\/div>\n<\/div>\n<\/div><\/div><\/div><\/div><\/div><div class=\"vc_col-sm-9 wpb_column vc_column_container\"><div class=\"vc_column-inner\"><div class=\"wpb_wrapper\"><div class=\"wpb_text_column\"><div class=\"wpb_wrapper\"><p>A SUPER CL\u00c1SSICO COM\u00c9RCIO, IMPORTA\u00c7\u00c3O E EXPORTA\u00c7\u00c3O LTDA, \u00e9 uma\u00a0Empresa Brasileira especializada na Extra\u00e7\u00e3o e Comercializa\u00e7\u00e3o de Blocos de Rochas Ex\u00f3ticas, Produ\u00e7\u00e3o de Chapas, Revestimentos e itens de decora\u00e7\u00e3o com Rochas Ornamentais.<\/p>\n<p>Esta especializa\u00e7\u00e3o tem nos levado a descobertas de materiais de sucesso e qualidade superior, bem como a uma grande efici\u00eancia no atendimento aos nossos clientes.<\/p>\n<p>Navegue por nosso website e conhe\u00e7a nossos materiais ex\u00f3ticos com a qualidade Super Cl\u00e1ssico.<\/p>\n<\/div><\/div><\/div><\/div><\/div><\/div><\/div><\/div><\/div><\/div><\/div><\/section><section class=\"l-section wpb_row us_custom_83935c68 height_large\"><div class=\"l-section-h i-cf\"><div class=\"g-cols vc_row via_flex valign_top type_default stacking_default\"><div class=\"vc_col-sm-12 wpb_column vc_column_container\"><div class=\"vc_column-inner us_custom_8d45c27c\"><div class=\"wpb_wrapper\"><div class=\"w-separator us_custom_6745946f has_text_color size_medium with_line width_screen thick_3 style_solid color_primary align_center with_text with_content\"><div class=\"w-separator-h\"><h5 class=\"w-separator-text\"><i class=\"fas fa-share-alt\"><\/i><span>Compartilhar<\/span><\/h5><\/div><\/div>[easy-social-share]<\/div><\/div><\/div><\/div><\/div><\/section>\n","protected":false},"excerpt":{"rendered":"Extra\u00e7\u00e3o de Blocos Clique no \u00cdcone de Zoom para mais informa\u00e7\u00f5es Extra\u00e7\u00e3o de Blocos Blocos de Rochas Ornamentais Ex\u00f3ticas Extra\u00edmos somente blocos de materiais ex\u00f3ticos e exclusivos comercializados internacionalmente. Sempre atentos \u00e0s novidades em equipamentos, insumos e novas t\u00e9cnicas de opera\u00e7\u00e3o, temos investido em maquin\u00e1rio e pessoal qualificado para continuarmos sendo refer\u00eancia no setor. VISITAR...","protected":false},"author":1,"featured_media":27318,"parent":0,"menu_order":0,"comment_status":"closed","ping_status":"closed","template":"","meta":{"footnotes":""},"class_list":["post-25079","page","type-page","status-publish","has-post-thumbnail","hentry"],"_links":{"self":[{"href":"https:\/\/superclassico.com.br\/site\/wp-json\/wp\/v2\/pages\/25079","targetHints":{"allow":["GET"]}}],"collection":[{"href":"https:\/\/superclassico.com.br\/site\/wp-json\/wp\/v2\/pages"}],"about":[{"href":"https:\/\/superclassico.com.br\/site\/wp-json\/wp\/v2\/types\/page"}],"author":[{"embeddable":true,"href":"https:\/\/superclassico.com.br\/site\/wp-json\/wp\/v2\/users\/1"}],"replies":[{"embeddable":true,"href":"https:\/\/superclassico.com.br\/site\/wp-json\/wp\/v2\/comments?post=25079"}],"version-history":[{"count":0,"href":"https:\/\/superclassico.com.br\/site\/wp-json\/wp\/v2\/pages\/25079\/revisions"}],"wp:featuredmedia":[{"embeddable":true,"href":"https:\/\/superclassico.com.br\/site\/wp-json\/wp\/v2\/media\/27318"}],"wp:attachment":[{"href":"https:\/\/superclassico.com.br\/site\/wp-json\/wp\/v2\/media?parent=25079"}],"curies":[{"name":"wp","href":"https:\/\/api.w.org\/{rel}","templated":true}]}}