{"id":10,"date":"2013-05-31T11:56:39","date_gmt":"2013-05-31T11:56:39","guid":{"rendered":"http:\/\/zephyr.us-themes.com\/pages\/contact\/"},"modified":"2024-08-14T09:42:47","modified_gmt":"2024-08-14T12:42:47","slug":"informacoes-contato","status":"publish","type":"page","link":"https:\/\/superclassico.com.br\/site\/informacoes-contato\/","title":{"rendered":"Contato"},"content":{"rendered":"<section class=\"l-section wpb_row height_auto width_full\"><div class=\"l-section-h i-cf\"><div class=\"g-cols vc_row via_flex valign_top type_default stacking_default\"><div class=\"vc_col-sm-12 wpb_column vc_column_container\"><div class=\"vc_column-inner\"><div class=\"wpb_wrapper\">\n\t\t\t\t<p class=\"rs-p-wp-fix\"><\/p>\n\t\t\t\t<sr7-module data-alias=\"topo-contato\" data-id=\"71\" id=\"SR7_71_1\" class=\"rs-ov-hidden\" data-version=\"6.7.41\">\n\t\t\t\t\t<sr7-adjuster><\/sr7-adjuster>\n\t\t\t\t\t<sr7-content>\n\t\t\t\t\t\t<sr7-slide id=\"SR7_71_1-72\" data-key=\"72\">\n\t\t\t\t\t\t\t<sr7-bg id=\"SR7_71_1-72-1\" class=\"sr7-layer\"><noscript><img decoding=\"async\" src=\"https:\/\/superclassico.com.br\/site\/wp-content\/uploads\/2020\/10\/contato.jpg\" alt=\"contact top\" title=\"contact\"><\/noscript><\/sr7-bg>\n\t\t\t\t\t\t<\/sr7-slide>\n\t\t\t\t\t\t<sr7-slide id=\"SR7_71_1-277\" data-key=\"277\">\n\t\t\t\t\t\t<\/sr7-slide>\n\t\t\t\t\t<\/sr7-content>\n\t\t\t\t\t<image_lists style=\"display:none\">\n\t\t\t\t\t\t<img data-src=\"\/\/superclassico.com.br\/site\/wp-content\/uploads\/2020\/10\/contato.jpg\" data-libid=\"25111\" data-lib=\"medialibrary\" alt=\"contact top\" title=\"contact\" width=\"0\" height=\"0\" data-dbsrc=\"Ly9zdXBlcmNsYXNzaWNvLmNvbS5ici9zaXRlL3dwLWNvbnRlbnQvdXBsb2Fkcy8yMDIwLzEwL2NvbnRhdG8uanBn\"\/>\n\t\t\t\t\t<\/image_lists>\n\t\t\t\t<\/sr7-module>\n\t\t\t\t<script>\n\t\t\t\t\tSR7.PMH ??={}; SR7.PMH[\"SR7_71_1\"] = {cn:100,state:false,fn: function() { if (_tpt!==undefined && _tpt.prepareModuleHeight !== undefined) {  _tpt.prepareModuleHeight({id:\"SR7_71_1\",el:[640,640,720,868,540],type:'standard',shdw:'0',gh:[640,640,640,720,540],gw:[1240,1240,1024,778,480],vpt:['-200px&#039;,&#039;-200px&#039;,&#039;-200px&#039;,&#039;-200px&#039;,&#039;-200px'],size:{fullWidth:false, fullHeight:false},mh:'0',onh:0,onw:0,bg:{color:'{\"type\":\"solid\",\"orig\":\"#000000\",\"string\":\"rgba(0, 0, 0, 1)\"}'},plType:'-1',plColor:'#FFFFFF'});   SR7.PMH[\"SR7_71_1\"].state=true;} else if(SR7.PMH[\"SR7_71_1\"].cn-->0)\tsetTimeout( SR7.PMH[\"SR7_71_1\"].fn,19);}};SR7.PMH[\"SR7_71_1\" ].fn();\n\t\t\t\t<\/script>\n<\/div><\/div><\/div><\/div><\/div><\/section><section class=\"l-section wpb_row height_large\"><div class=\"l-section-h i-cf\"><div class=\"g-cols vc_row via_flex valign_top type_default stacking_default\"><div class=\"vc_col-sm-8 wpb_column vc_column_container\"><div class=\"vc_column-inner\"><div class=\"wpb_wrapper\"><div class=\"g-cols wpb_row via_flex valign_top type_default stacking_default\"><div class=\"vc_col-sm-12 wpb_column vc_column_container\"><div class=\"vc_column-inner\"><div class=\"wpb_wrapper\"><div class=\"wpb_text_column\"><div class=\"wpb_wrapper\"><h2>Entre em Contato<\/h2>\n<p>Estamos \u00e0 disposi\u00e7\u00e3o para atender suas d\u00favidas, oferecer suporte t\u00e9cnico, or\u00e7amentos e discutir projetos personalizados. Queremos garantir que voc\u00ea tenha a melhor experi\u00eancia com nossos materiais ex\u00f3ticos.<\/p>\n<p><strong>Hor\u00e1rio de Atendimento:<\/strong> Segunda a Sexta-feira, das 8h \u00e0s 17h.<\/p>\n<p>Preencha o formul\u00e1rio abaixo e entraremos em contato o mais breve poss\u00edvel. Estamos ansiosos para ajud\u00e1-lo a transformar suas ideias em realidade.<\/p>\n<\/div><\/div><div class=\"w-separator size_medium\"><\/div><\/div><\/div><\/div><\/div><form class=\"w-form  us-field-style_1 layout_ver show_message_after_sending for_cform us_form_1\" action=\"https:\/\/superclassico.com.br\/site\/site\/wp-json\/wp\/v2\/pages\/10\" method=\"post\"><div class=\"w-form-h\"><div class=\"w-form-row for_text has_label with_icon\">\r\n\t\t\t<div class=\"w-form-row-label\">\r\n\t\t\t<span>Nome<\/span>\r\n\t\t<\/div>\r\n\t\t<div class=\"w-form-row-field\">\r\n\t\t\t\t<i class=\"material-icons\">person<\/i>\t\t<input aria-label=\"Nome\" type=\"text\" name=\"us_form_1_text_1\" value placeholder\/>\r\n\t\t\t<\/div>\r\n\t\t<div class=\"w-form-row-state\">Preencha esse campo<\/div>\r\n<\/div>\r\n<div class=\"w-form-row for_text has_label required with_icon\">\r\n\t\t\t<div class=\"w-form-row-label\">\r\n\t\t\t<span>Email *<\/span>\r\n\t\t<\/div>\r\n\t\t<div class=\"w-form-row-field\">\r\n\t\t\t\t<i class=\"material-icons\">email<\/i>\t\t<input aria-label=\"Email\" type=\"text\" name=\"us_form_1_text_2\" value placeholder data-required=\"true\" aria-required=\"true\"\/>\r\n\t\t\t<\/div>\r\n\t\t<div class=\"w-form-row-state\">Preencha esse campo<\/div>\r\n<\/div>\r\n<div class=\"w-form-row for_text has_label required with_icon\">\r\n\t\t\t<div class=\"w-form-row-label\">\r\n\t\t\t<span>Celular N\u00ba *<\/span>\r\n\t\t<\/div>\r\n\t\t<div class=\"w-form-row-field\">\r\n\t\t\t\t<i class=\"material-icons\">phone<\/i>\t\t<input aria-label=\"Celular N\u00ba\" type=\"text\" name=\"us_form_1_text_3\" value placeholder data-required=\"true\" aria-required=\"true\"\/>\r\n\t\t\t<\/div>\r\n\t\t<div class=\"w-form-row-state\">Preencha esse campo<\/div>\r\n<\/div>\r\n<div class=\"w-form-row for_textarea has_label required with_icon\">\r\n\t\t\t<div class=\"w-form-row-label\">\r\n\t\t\t<span>Mensagem *<\/span>\r\n\t\t<\/div>\r\n\t\t<div class=\"w-form-row-field\">\r\n\t\t\t\t<i class=\"material-icons\">create<\/i>\t\t<textarea aria-label=\"Mensagem\" name=\"us_form_1_textarea_1\" placeholder data-required=\"true\" aria-required=\"true\"><\/textarea>\r\n\t\t\t<\/div>\r\n\t\t<div class=\"w-form-row-state\">Preencha esse campo<\/div>\r\n<\/div>\r\n<input type=\"hidden\" name=\"action\" value=\"us_ajax_cform\" \/>\r\n<input type=\"hidden\" name=\"post_id\" value=\"0\" \/>\r\n<input type=\"hidden\" name=\"form_index\" value=\"1\" \/>\r\n<div class=\"w-form-row for_submit align_none\"><button class=\"w-btn us-btn-style_1 icon_atright\" type=\"submit\" aria-label=\"Enviar Mensagem\"><span class=\"g-preloader type_1\"><\/span><span class=\"w-btn-label\">Enviar Mensagem<\/span><i class=\"fas fa-paper-plane\"><\/i><\/button><\/div><\/div><div class=\"w-form-message\"><\/div><div class=\"w-form-json hidden\" onclick='return {&quot;ajaxurl&quot;:&quot;https:\\\/\\\/superclassico.com.br\\\/site\\\/wp-admin\\\/admin-ajax.php&quot;,&quot;messages&quot;:{&quot;err_empty&quot;:&quot;Preencha esse campo&quot;,&quot;err_size&quot;:&quot;O tamanho do arquivo n\\u00e3o pode exceder %s MB&quot;,&quot;err_extension&quot;:&quot;O tipo de arquivo %s n\\u00e3o \\u00e9 permitido&quot;,&quot;err_recaptcha_keys&quot;:&quot;As chaves do reCAPTCHA est\\u00e3o incorretas&quot;}}'><\/div><\/form><\/div><\/div><\/div><div class=\"vc_col-sm-4 wpb_column vc_column_container\"><div class=\"vc_column-inner\"><div class=\"wpb_wrapper\"><div class=\"wpb_text_column\"><div class=\"wpb_wrapper\"><h3>M\u00eddias Sociais<\/h3>\n<\/div><\/div><div class=\"w-separator size_small\"><\/div><div class=\"w-socials color_brand shape_circle style_solid hover_fade\" style=\"--gap:0.1em;\"><div class=\"w-socials-list\"><div class=\"w-socials-item linkedin\"><a target=\"_blank\" rel=\"nofollow noopener\" href=\"https:\/\/www.linkedin.com\/company\/superclassico\/\" class=\"w-socials-item-link\" aria-label=\"LinkedIn\"><span class=\"w-socials-item-link-hover\"><\/span><i class=\"fab fa-linkedin\"><\/i><\/a><div class=\"w-socials-item-popup\"><span>LinkedIn<\/span><\/div><\/div><div class=\"w-socials-item facebook\"><a target=\"_blank\" rel=\"nofollow noopener\" href=\"https:\/\/www.facebook.com\/superclassicogranitos\" class=\"w-socials-item-link\" aria-label=\"Facebook\"><span class=\"w-socials-item-link-hover\"><\/span><i class=\"fab fa-facebook\"><\/i><\/a><div class=\"w-socials-item-popup\"><span>Facebook<\/span><\/div><\/div><div class=\"w-socials-item instagram\"><a target=\"_blank\" rel=\"nofollow noopener\" href=\"https:\/\/www.instagram.com\/superclassicogranites\/\" class=\"w-socials-item-link\" aria-label=\"Instagram\"><span class=\"w-socials-item-link-hover\"><\/span><i class=\"fab fa-instagram\"><\/i><\/a><div class=\"w-socials-item-popup\"><span>Instagram<\/span><\/div><\/div><div class=\"w-socials-item pinterest\"><a target=\"_blank\" rel=\"nofollow noopener\" href=\"https:\/\/br.pinterest.com\/superclassicogranites\" class=\"w-socials-item-link\" aria-label=\"Pinterest\"><span class=\"w-socials-item-link-hover\"><\/span><i class=\"fab fa-pinterest\"><\/i><\/a><div class=\"w-socials-item-popup\"><span>Pinterest<\/span><\/div><\/div><div class=\"w-socials-item vimeo\"><a target=\"_blank\" rel=\"nofollow noopener\" href=\"https:\/\/vimeo.com\/showcase\/6257159\" class=\"w-socials-item-link\" aria-label=\"Vimeo\"><span class=\"w-socials-item-link-hover\"><\/span><i class=\"fab fa-vimeo-v\"><\/i><\/a><div class=\"w-socials-item-popup\"><span>Vimeo<\/span><\/div><\/div><\/div><\/div><div class=\"w-separator size_medium\"><\/div><div class=\"wpb_text_column\"><div class=\"wpb_wrapper\"><h3>Informa\u00e7\u00f5es para Contato<\/h3>\n<\/div><\/div><div class=\"w-separator size_small\"><\/div><div class=\"w-iconbox iconpos_left style_default color_primary align_left no_text\"><div class=\"w-iconbox-icon\" style=\"font-size:;\"><i class=\"material-icons\">home<\/i><\/div><div class=\"w-iconbox-meta\"><h6 class=\"w-iconbox-title\">Av. Francisco Mardegan, 80 \u2013 Boa Vista \u2013 Cachoeiro de Itapemirim \u2013 ES \u2013 CEP 29315-477 \u2013 Brasil<\/h6><\/div><\/div><div class=\"w-separator size_small\"><\/div><div class=\"w-iconbox iconpos_left style_default color_primary align_left no_text\"><a href=\"mailto:super@superclassico,com,br\" class=\"w-iconbox-link\" aria-label=\"sc@superclassico.com.br\"><div class=\"w-iconbox-icon\" style=\"font-size:;\"><i class=\"material-icons\">mail<\/i><\/div><\/a><div class=\"w-iconbox-meta\"><h6 class=\"w-iconbox-title\"><a href=\"mailto:super@superclassico,com,br\" class=\"w-iconbox-link\" aria-label=\"sc@superclassico.com.br\">sc@superclassico.com.br<\/a><\/h6><\/div><\/div><div class=\"w-separator size_small\"><\/div><div class=\"w-iconbox iconpos_left style_default color_primary align_left no_text\"><a href=\"tel:+552835381755\" class=\"w-iconbox-link\" aria-label=\"+55 28 3538-1755\"><div class=\"w-iconbox-icon\" style=\"font-size:;\"><i class=\"material-icons\">phone<\/i><\/div><\/a><div class=\"w-iconbox-meta\"><h6 class=\"w-iconbox-title\"><a href=\"tel:+552835381755\" class=\"w-iconbox-link\" aria-label=\"+55 28 3538-1755\">+55 28 3538-1755<\/a><\/h6><\/div><\/div><div class=\"w-separator size_small\"><\/div><div class=\"w-iconbox iconpos_left style_default color_custom align_left no_text\"><a target=\"_blank\" rel=\"nofollow\" href=\"https:\/\/superclassico.com.br\/whatsapp\/\" class=\"w-iconbox-link\" aria-label=\"+55 28 99981-0755\"><div class=\"w-iconbox-icon\" style=\"font-size:;--icon-color:#53b330;--icon-bg-color:#53b330;\"><i class=\"fab fa-whatsapp\"><\/i><\/div><\/a><div class=\"w-iconbox-meta\"><h6 class=\"w-iconbox-title\"><a target=\"_blank\" rel=\"nofollow\" href=\"https:\/\/superclassico.com.br\/whatsapp\/\" class=\"w-iconbox-link\" aria-label=\"+55 28 99981-0755\">+55 28 99981-0755<\/a><\/h6><\/div><\/div><\/div><\/div><\/div><\/div><\/div><\/section><section class=\"l-section wpb_row height_auto width_full\"><div class=\"l-section-h i-cf\"><div class=\"g-cols vc_row via_flex valign_top type_default stacking_default\"><div class=\"vc_col-sm-12 wpb_column vc_column_container\"><div class=\"vc_column-inner\"><div class=\"wpb_wrapper\"><div class=\"w-tabs style_default switch_click accordion type_togglable has_scrolling\" style=\"--sections-title-size:inherit\"><div class=\"w-tabs-sections titles-align_center icon_chevron cpos_right\"><div class=\"w-tabs-section no_indents active has_text_color\" id=\"z2e3\" style=\"background:#5e503a;color:#ffffff;\"><button class=\"w-tabs-section-header active with_icon\" aria-controls=\"content-z2e3\" aria-expanded=\"true\"><i class=\"material-icons\">place<\/i><div class=\"w-tabs-section-title\">VISUALIZAR NO MAPA<\/div><div class=\"w-tabs-section-control\"><\/div><\/button><div  class=\"w-tabs-section-content\" id=\"content-z2e3\"><div class=\"w-tabs-section-content-h i-cf\"><div class=\"w-map provider_google\" id=\"us_map_1\"><div class=\"w-map-inner\"><div class=\"w-map-json\" onclick='return {&quot;address&quot;:&quot;-20.83272239899209, -41.17568680004319&quot;,&quot;disableDragging&quot;:1,&quot;disableZoom&quot;:0,&quot;hideControls&quot;:0,&quot;zoom&quot;:17,&quot;markers&quot;:[{&quot;address&quot;:&quot;-20.83272239899209, -41.17568680004319&quot;,&quot;html&quot;:&quot;Nosso Showroom&quot;,&quot;infowindow&quot;:0}],&quot;maptype&quot;:&quot;HYBRID&quot;}'><\/div><\/div><\/div><\/div><\/div><\/div><\/div><\/div><\/div><\/div><\/div><\/div><\/div><\/section>\n","protected":false},"excerpt":{"rendered":"Entre em Contato Estamos \u00e0 disposi\u00e7\u00e3o para atender suas d\u00favidas, oferecer suporte t\u00e9cnico, or\u00e7amentos e discutir projetos personalizados. Queremos garantir que voc\u00ea tenha a melhor experi\u00eancia com nossos materiais ex\u00f3ticos. Hor\u00e1rio de Atendimento: Segunda a Sexta-feira, das 8h \u00e0s 17h. Preencha o formul\u00e1rio abaixo e entraremos em contato o mais breve poss\u00edvel. Estamos ansiosos para...","protected":false},"author":1,"featured_media":27309,"parent":0,"menu_order":0,"comment_status":"closed","ping_status":"closed","template":"","meta":{"footnotes":""},"class_list":["post-10","page","type-page","status-publish","has-post-thumbnail","hentry"],"_links":{"self":[{"href":"https:\/\/superclassico.com.br\/site\/wp-json\/wp\/v2\/pages\/10","targetHints":{"allow":["GET"]}}],"collection":[{"href":"https:\/\/superclassico.com.br\/site\/wp-json\/wp\/v2\/pages"}],"about":[{"href":"https:\/\/superclassico.com.br\/site\/wp-json\/wp\/v2\/types\/page"}],"author":[{"embeddable":true,"href":"https:\/\/superclassico.com.br\/site\/wp-json\/wp\/v2\/users\/1"}],"replies":[{"embeddable":true,"href":"https:\/\/superclassico.com.br\/site\/wp-json\/wp\/v2\/comments?post=10"}],"version-history":[{"count":4,"href":"https:\/\/superclassico.com.br\/site\/wp-json\/wp\/v2\/pages\/10\/revisions"}],"predecessor-version":[{"id":32138,"href":"https:\/\/superclassico.com.br\/site\/wp-json\/wp\/v2\/pages\/10\/revisions\/32138"}],"wp:featuredmedia":[{"embeddable":true,"href":"https:\/\/superclassico.com.br\/site\/wp-json\/wp\/v2\/media\/27309"}],"wp:attachment":[{"href":"https:\/\/superclassico.com.br\/site\/wp-json\/wp\/v2\/media?parent=10"}],"curies":[{"name":"wp","href":"https:\/\/api.w.org\/{rel}","templated":true}]}}